{"id":3,"date":"2024-06-12T17:55:09","date_gmt":"2024-06-12T15:55:09","guid":{"rendered":"https:\/\/bridge.enterprises\/?page_id=3"},"modified":"2024-07-04T16:43:31","modified_gmt":"2024-07-04T14:43:31","slug":"datenschutzerklaerung","status":"publish","type":"page","link":"https:\/\/bridge.enterprises\/en\/datenschutzerklaerung\/","title":{"rendered":"Privacy policy"},"content":{"rendered":"<div data-elementor-type=\"wp-page\" data-elementor-id=\"3\" class=\"elementor elementor-3\">\n\t\t\t\t<div class=\"elementor-element elementor-element-aebb106 e-flex e-con-boxed e-con e-parent\" data-id=\"aebb106\" data-element_type=\"container\">\n\t\t\t\t\t<div class=\"e-con-inner\">\n\t\t\t\t<div class=\"elementor-element elementor-element-9f7a79c elementor-widget elementor-widget-text-editor\" data-id=\"9f7a79c\" data-element_type=\"widget\" data-widget_type=\"text-editor.default\">\n\t\t\t\t<div class=\"elementor-widget-container\">\n\t\t\t\t\t\t\t<p><!-- wp:heading --><\/p>\n<h3>Privacy policy<\/h3>\n<p>In the following privacy policy, we inform you about the most important aspects of data processing in the context of our website. We collect and process personal data only on the basis of the statutory provisions (General Data Protection Regulation, Telecommunications Act 2003).<\/p>\n<p>As soon as you access or visit our website as a user, your IP address, start and end of the session are recorded. This is for technical reasons and therefore constitutes a legitimate interest within the meaning of Art. 6 para. 1 lit. f GDPR.<\/p>\n<h3>Cookies<\/h3>\n<p>Our website uses so-called cookies. These are small text files that are stored on your end device with the help of the browser. They do not cause any damage. We use cookies to make our website more user-friendly. Some cookies remain stored on your device until you delete them. They enable us to recognize your browser on your next visit. If you do not want this, you can set up your browser so that it informs you about the setting of cookies and you only allow this in individual cases. If you deactivate cookies, the functionality of our website may be restricted.<\/p>\n<h3>Server-Log Files<\/h3>\n<p>This website and the associated provider automatically collects information in the course of website use in the form of so-called \"server log files\". This applies in particular to<\/p>\n<p>-IP-adrdess or hostname<br \/>-the browser used<br \/>-Duration of stay on the website as well as date and time<br \/>-Pages viewed on the website<br \/>-Language settings and operating system<br \/>-Leaving page (on which URL did the user leave the website)<br \/>-ISP (Internet Service Provider)<br \/>The information collected is not processed on a personal basis or associated with personal data.<\/p>\n<p>The website operator reserves the right to evaluate or check this data in the event that unlawful activities become known.<\/p>\n<h3>Your rights as a data subject<\/h3>\n<p>As the data subject, you have a fundamental right to access your data stored by us:<\/p>\n<p>Information on stored data<br \/>Deletion of data<br \/>Correction of the data<br \/>Data portability<br \/><span style=\"color: var( --e-global-color-text ); font-family: var( --e-global-typography-text-font-family ), Sans-serif; text-align: var(--text-align);\">Revocation and objection to data processing<\/span><\/p>\n<p>Restriction<br \/>If you suspect that breaches of data protection law have occurred in the course of processing your data, you have the option of complaining to us (info@bridge.enterprises) or the data protection authority.<\/p>\n<p>You can reach us using the following contact details:<br \/>Website operator: Bridge Digital Services &amp; Cybersecurity GesmbH, represented by the managing director<br \/>Phone: +43 677 624 985 62<br \/>Email: info@bridge.enterprises<\/p>\n<p>Source: DSGVO Generator \u00d6sterreich<\/p>\n<p><!-- \/wp:paragraph --><\/p>\n<p>\u00a0<\/p>\t\t\t\t\t\t<\/div>\n\t\t\t\t<\/div>\n\t\t\t\t\t<\/div>\n\t\t\t\t<\/div>\n\t\t\t\t<\/div>","protected":false},"excerpt":{"rendered":"<p>Datenschutzerkl\u00e4rung In folgender Datenschutzerkl\u00e4rung informieren wir Sie \u00fcber die wichtigsten Aspekte der Datenverarbeitung im Rahmen unserer Webseite. Wir erheben und verarbeiten personenbezogene Daten nur auf Grundlage der gesetzlichen Bestimmungen (Datenschutzgrundverordnung, Telekommunikationsgesetz 2003). Sobald Sie als Benutzer auf unsere Webseite zugreifen oder diese besuchen wird Ihre IP-Adresse, Beginn sowie Beginn und Ende der Sitzung erfasst. Dies [&hellip;]<\/p>\n","protected":false},"author":1,"featured_media":0,"parent":0,"menu_order":0,"comment_status":"closed","ping_status":"open","template":"","meta":{"footnotes":""},"class_list":["post-3","page","type-page","status-publish","hentry"],"_links":{"self":[{"href":"https:\/\/bridge.enterprises\/en\/wp-json\/wp\/v2\/pages\/3","targetHints":{"allow":["GET"]}}],"collection":[{"href":"https:\/\/bridge.enterprises\/en\/wp-json\/wp\/v2\/pages"}],"about":[{"href":"https:\/\/bridge.enterprises\/en\/wp-json\/wp\/v2\/types\/page"}],"author":[{"embeddable":true,"href":"https:\/\/bridge.enterprises\/en\/wp-json\/wp\/v2\/users\/1"}],"replies":[{"embeddable":true,"href":"https:\/\/bridge.enterprises\/en\/wp-json\/wp\/v2\/comments?post=3"}],"version-history":[{"count":21,"href":"https:\/\/bridge.enterprises\/en\/wp-json\/wp\/v2\/pages\/3\/revisions"}],"predecessor-version":[{"id":3993,"href":"https:\/\/bridge.enterprises\/en\/wp-json\/wp\/v2\/pages\/3\/revisions\/3993"}],"wp:attachment":[{"href":"https:\/\/bridge.enterprises\/en\/wp-json\/wp\/v2\/media?parent=3"}],"curies":[{"name":"wp","href":"https:\/\/api.w.org\/{rel}","templated":true}]}}