{"id":2627,"date":"2024-06-27T09:52:44","date_gmt":"2024-06-27T07:52:44","guid":{"rendered":"https:\/\/bridge.enterprises\/?page_id=2627"},"modified":"2024-07-04T16:50:46","modified_gmt":"2024-07-04T14:50:46","slug":"impressum","status":"publish","type":"page","link":"https:\/\/bridge.enterprises\/en\/impressum\/","title":{"rendered":"Imprint"},"content":{"rendered":"<div data-elementor-type=\"wp-page\" data-elementor-id=\"2627\" class=\"elementor elementor-2627\">\n\t\t\t\t<div class=\"elementor-element elementor-element-3f97c34 e-flex e-con-boxed e-con e-parent\" data-id=\"3f97c34\" data-element_type=\"container\">\n\t\t\t\t\t<div class=\"e-con-inner\">\n\t\t\t\t<div class=\"elementor-element elementor-element-55d76c4 elementor-widget elementor-widget-text-editor\" data-id=\"55d76c4\" data-element_type=\"widget\" data-widget_type=\"text-editor.default\">\n\t\t\t\t<div class=\"elementor-widget-container\">\n\t\t\t\t\t\t\t<p><strong>Information\u00a0<\/strong><b>and disclosure according to \u00a75 (1) ECG, \u00a7 25 MedienG, and \u00a7 14 UGB<\/b><\/p><p><b>Website operator:<\/b>\u00a0Bridge Digital Services &amp; Cybersecurity Ges.mbH<\/p><p><b>Address:<\/b> Peter-Behrens-Platz 10, AT-4020 Linz\u00a0<\/p><p><b>VAT-UID-Nr:<\/b>\u00a0ATU79915102<br \/><span style=\"font-weight: bold;\">Company register: <\/span>FN613254 w (Landesgericht Linz)<br \/><b>Trade supervisory authority:<\/b>\u00a0Magristrat Linz<br \/><b>Membership:\u00a0<\/b>WKO O\u00d6<\/p><p><b>Contact details:<\/b><br \/>Phone: +43 677 624 985 62<br \/>Email:\u00a0info@bridge.enterprises<\/p><p><b>Applicable legislation:<\/b>\u00a0www.ris.bka.gv.at<br \/><b>Job title:<\/b> UBIT(Unternehmensberatung\/Beratung\/IT)<\/p><p><b>Online dispute resolution:<\/b>\u00a0Verbraucher, welche in \u00d6sterreich oder in einem sonstigen Vertragsstaat der ODR-VO niedergelassen sind, haben die M\u00f6glichkeit Probleme bez\u00fcglich dem entgeltlichen Kauf von Waren oder Dienstleistungen im Rahmen einer Online-Streitbeilegung (nach OS, AStG) zu l\u00f6sen. Die Europa\u0308ische Kommission stellt eine Plattform hierf\u00fcr bereit: https:\/\/ec.europa.eu\/consumers\/odr.<br \/><span style=\"color: var( --e-global-color-text ); font-family: var( --e-global-typography-text-font-family ), Sans-serif; text-align: var(--text-align);\">We are not obliged or willing to participate.<\/span><\/p><p><b>Copyright:<\/b>\u00a0The contents of this website are, as far as legally possible, subject to various intellectual property rights (e.g. copyright). Any use\/distribution of material provided that is prohibited by copyright law requires the written consent of the website operator.<\/p><p><b>Disclaimer of liability:<\/b>\u00a0Despite careful control of the content, the website operator of this website accepts no liability for the content of external links. The operators of the linked pages are solely responsible for their content. Should you nevertheless become aware of outgoing links that refer to a website with illegal activity\/information, we request that you notify us accordingly in order to remove them immediately in accordance with \u00a7 17 Para. 2 ECG.<br \/>The copyrights of third parties are observed by the operator of this website with the utmost care. Should you nevertheless become aware of a copyright infringement, please inform us accordingly. As soon as we become aware of such infringements, we will remove the content concerned immediately.<\/p>\t\t\t\t\t\t<\/div>\n\t\t\t\t<\/div>\n\t\t\t\t\t<\/div>\n\t\t\t\t<\/div>\n\t\t\t\t<\/div>","protected":false},"excerpt":{"rendered":"<p>Informationen\u00a0und Offenlegung gem\u00e4\u00df \u00a75 (1) ECG, \u00a7 25 MedienG, und \u00a7 14 UGB Webseitenbetreiber:\u00a0Bridge Digital Services &amp; Cybersecurity Ges.mbH Anschrift: Peter-Behrens-Platz 10, AT-4020 Linz\u00a0 UID-Nr:\u00a0ATU79915102Firmenbuch: FN613254 w (Landesgericht Linz)Gewerbeaufsichtbeh\u00f6rde:\u00a0Magristrat LinzMitgliedschaften:\u00a0WKO O\u00d6 Kontaktdaten:Telefon: +43 677 624 985 62Email:\u00a0info@bridge.enterprises Anwendbare Rechtsvorschrift:\u00a0www.ris.bka.gv.atBerufsbezeichnung: UBIT(Unternehmensberatung\/Beratung\/IT) Online Streitbeilegung:\u00a0Verbraucher, welche in \u00d6sterreich oder in einem sonstigen Vertragsstaat der ODR-VO niedergelassen sind, haben [&hellip;]<\/p>\n","protected":false},"author":1,"featured_media":0,"parent":0,"menu_order":0,"comment_status":"closed","ping_status":"closed","template":"","meta":{"footnotes":""},"class_list":["post-2627","page","type-page","status-publish","hentry"],"_links":{"self":[{"href":"https:\/\/bridge.enterprises\/en\/wp-json\/wp\/v2\/pages\/2627","targetHints":{"allow":["GET"]}}],"collection":[{"href":"https:\/\/bridge.enterprises\/en\/wp-json\/wp\/v2\/pages"}],"about":[{"href":"https:\/\/bridge.enterprises\/en\/wp-json\/wp\/v2\/types\/page"}],"author":[{"embeddable":true,"href":"https:\/\/bridge.enterprises\/en\/wp-json\/wp\/v2\/users\/1"}],"replies":[{"embeddable":true,"href":"https:\/\/bridge.enterprises\/en\/wp-json\/wp\/v2\/comments?post=2627"}],"version-history":[{"count":24,"href":"https:\/\/bridge.enterprises\/en\/wp-json\/wp\/v2\/pages\/2627\/revisions"}],"predecessor-version":[{"id":4005,"href":"https:\/\/bridge.enterprises\/en\/wp-json\/wp\/v2\/pages\/2627\/revisions\/4005"}],"wp:attachment":[{"href":"https:\/\/bridge.enterprises\/en\/wp-json\/wp\/v2\/media?parent=2627"}],"curies":[{"name":"wp","href":"https:\/\/api.w.org\/{rel}","templated":true}]}}